{"id":2018,"date":"2024-11-01T11:53:32","date_gmt":"2024-11-01T10:53:32","guid":{"rendered":"https:\/\/iplapadel.com\/inicio\/"},"modified":"2024-11-27T01:05:37","modified_gmt":"2024-11-27T00:05:37","slug":"inicio","status":"publish","type":"page","link":"https:\/\/iplapadel.com\/es\/","title":{"rendered":"Inicio"},"content":{"rendered":"<div class=\"gb-container gb-container-08fe42d4\">\n<div class=\"gb-container gb-container-8ac65f52\">\n\n<h2 class=\"gb-headline gb-headline-ff397a28 gb-headline-text\">\u00daNETE A LA COMUNIDAD M\u00c1S GRANDE DEL MUNDO DE JUGADORES AMATEURS<\/h2>\n\n\n\n<a class=\"gb-button gb-button-42d0ac13 gb-button-text\" href=\"https:\/\/iplapadel.com\/contatti\/diventa-socio\/\">\u00a1As\u00f3ciate Ahora!<\/a>\n\n<\/div>\n<\/div><div class=\"gb-container gb-container-b5639d56\">\n<div class=\"gb-container gb-container-8f1280f7\">\n<div class=\"gb-grid-wrapper gb-grid-wrapper-46866bfd\">\n<div class=\"gb-grid-column gb-grid-column-d37c0cbb\"><div class=\"gb-container gb-container-d37c0cbb\"><a class=\"gb-container-link\" href=\"https:\/\/iplapadel.com\/chi-siamo\/\" aria-label=\"Chi siamo\"><\/a>\n\n<h3 class=\"gb-headline gb-headline-be8da41d gb-headline-text\">Qui\u00e9nes somos<\/h3>\n\n\n\n<p class=\"gb-headline gb-headline-91b5a943 gb-headline-text\">IPLA: la <strong>puerta de entrada al mundo del p\u00e1del amateur<\/strong>. Unimos pasi\u00f3n, eventos de calidad y ventajas exclusivas para vivir experiencias \u00fanicas e inolvidables.<\/p>\n\n\n\n<span class=\"gb-button gb-button-bf3ffedd gb-button-text\">Qui\u00e9nes somos<\/span>\n\n<\/div><\/div>\n\n<div class=\"gb-grid-column gb-grid-column-2fec6a04\"><div class=\"gb-container gb-container-2fec6a04\"><a class=\"gb-container-link\" href=\"https:\/\/iplapadel.com\/mercato\/\" aria-label=\"Mercato di riferimento\"><\/a>\n\n<h3 class=\"gb-headline gb-headline-11051e36 gb-headline-text\">Mercado<\/h3>\n\n\n\n<p class=\"gb-headline gb-headline-217f01bc gb-headline-text\">El p\u00e1del en Italia: un boom sin precedentes. Explora <strong>las cifras de crecimiento<\/strong>, desde jugadores hasta pistas, y descubre las oportunidades de este deporte en r\u00e1pida expansi\u00f3n.<\/p>\n\n\n\n<span class=\"gb-button gb-button-fb2ef1ab gb-button-text\">Mercado<\/span>\n\n<\/div><\/div>\n\n<div class=\"gb-grid-column gb-grid-column-02461c0d\"><div class=\"gb-container gb-container-02461c0d\"><a class=\"gb-container-link\" href=\"https:\/\/iplapadel.com\/vantaggi\/\" aria-label=\"Vantaggi\"><\/a>\n\n<h3 class=\"gb-headline gb-headline-61edda43 gb-headline-text\">Ventajas<\/h3>\n\n\n\n<p class=\"gb-headline gb-headline-1f3ff60c gb-headline-text\">\u00danete a IPLA y accede a un mundo de beneficios: descuentos, eventos exclusivos, networking global y apoyo t\u00e9cnico. <strong>Eleva tu experiencia de p\u00e1del<\/strong>.<\/p>\n\n\n\n<span class=\"gb-button gb-button-e3f93144 gb-button-text\">Ventajas<\/span>\n\n<\/div><\/div>\n<\/div>\n<\/div>\n<\/div><div class=\"gb-container gb-container-b48ee51d\">\n<div class=\"gb-container gb-container-c0dee92d\">\n<div class=\"gb-grid-wrapper gb-grid-wrapper-c0f33b6d\">\n<div class=\"gb-grid-column gb-grid-column-c248cc8c\"><div class=\"gb-container gb-container-c248cc8c\">\n\n<h2 class=\"gb-headline gb-headline-aeb48321 gb-headline-text\">ENTRA EN EL MUNDO IPLA<\/h2>\n\n\n\n<p class=\"gb-headline gb-headline-eaa75192 gb-headline-text\">\u00a1\u00danete a la comunidad m\u00e1s grande del mundo de jugadores amateurs de p\u00e1del y disfruta de las ventajas exclusivas reservadas para los socios!<\/p>\n\n\n\n<a class=\"gb-button gb-button-2abb39f4 gb-button-text\" href=\"https:\/\/iplapadel.com\/contatti\/diventa-socio\/\">\u00a1As\u00f3ciate Ahora!<\/a>\n\n<\/div><\/div>\n\n<div class=\"gb-grid-column gb-grid-column-5f379191\"><div class=\"gb-container gb-container-5f379191\">\n\n<figure class=\"gb-block-image gb-block-image-26423f2a\"><img loading=\"lazy\" decoding=\"async\" width=\"921\" height=\"766\" class=\"gb-image gb-image-26423f2a\" src=\"http:\/\/iplapadel.com\/wp-content\/uploads\/2024\/11\/tessera-ipla.png\" alt=\"\" title=\"carnet ipla\" srcset=\"https:\/\/iplapadel.com\/wp-content\/uploads\/2024\/11\/tessera-ipla.png 921w, https:\/\/iplapadel.com\/wp-content\/uploads\/2024\/11\/tessera-ipla-600x499.png 600w, https:\/\/iplapadel.com\/wp-content\/uploads\/2024\/11\/tessera-ipla-300x250.png 300w, https:\/\/iplapadel.com\/wp-content\/uploads\/2024\/11\/tessera-ipla-768x639.png 768w\" sizes=\"auto, (max-width: 921px) 100vw, 921px\" \/><\/figure>\n\n<\/div><\/div>\n<\/div>\n<\/div>\n<\/div>","protected":false},"excerpt":{"rendered":"<p>\u00daNETE A LA COMUNIDAD M\u00c1S GRANDE DEL MUNDO DE JUGADORES AMATEURS<\/p>\n","protected":false},"author":1,"featured_media":0,"parent":0,"menu_order":1,"comment_status":"closed","ping_status":"closed","template":"","meta":{"_acf_changed":false,"footnotes":""},"class_list":["post-2018","page","type-page","status-publish"],"acf":[],"_links":{"self":[{"href":"https:\/\/iplapadel.com\/es\/wp-json\/wp\/v2\/pages\/2018","targetHints":{"allow":["GET"]}}],"collection":[{"href":"https:\/\/iplapadel.com\/es\/wp-json\/wp\/v2\/pages"}],"about":[{"href":"https:\/\/iplapadel.com\/es\/wp-json\/wp\/v2\/types\/page"}],"author":[{"embeddable":true,"href":"https:\/\/iplapadel.com\/es\/wp-json\/wp\/v2\/users\/1"}],"replies":[{"embeddable":true,"href":"https:\/\/iplapadel.com\/es\/wp-json\/wp\/v2\/comments?post=2018"}],"version-history":[{"count":1,"href":"https:\/\/iplapadel.com\/es\/wp-json\/wp\/v2\/pages\/2018\/revisions"}],"predecessor-version":[{"id":2019,"href":"https:\/\/iplapadel.com\/es\/wp-json\/wp\/v2\/pages\/2018\/revisions\/2019"}],"wp:attachment":[{"href":"https:\/\/iplapadel.com\/es\/wp-json\/wp\/v2\/media?parent=2018"}],"curies":[{"name":"wp","href":"https:\/\/api.w.org\/{rel}","templated":true}]}}