{"id":2024,"date":"2024-11-01T11:53:32","date_gmt":"2024-11-01T10:53:32","guid":{"rendered":"https:\/\/iplapadel.com\/quienes-somos\/"},"modified":"2024-11-27T01:14:53","modified_gmt":"2024-11-27T00:14:53","slug":"quienes-somos","status":"publish","type":"page","link":"https:\/\/iplapadel.com\/es\/quienes-somos\/","title":{"rendered":"Qui\u00e9nes somos"},"content":{"rendered":"<div class=\"gb-container gb-container-37c578ad\">\n<div class=\"gb-container gb-container-2687a158\">\n<div class=\"gb-grid-wrapper gb-grid-wrapper-faea2d1e\">\n<div class=\"gb-grid-column gb-grid-column-30413042\"><div class=\"gb-container gb-container-30413042\">\n\n<h2 class=\"gb-headline gb-headline-be8da41d gb-headline-text\">Qui\u00e9nes somos<\/h2>\n\n\n\n<p class=\"gb-headline gb-headline-cd37e8e4 gb-headline-text\">IPLA es considerada una <strong>instituci\u00f3n internacional en el mundo del p\u00e1del amateur<\/strong>, ofreciendo una comunidad global, eventos de alta calidad y beneficios exclusivos para sus miembros.<\/p>\n\n\n\n<p class=\"gb-headline gb-headline-bef4d0cf gb-headline-text\">Con un s\u00f3lido plan de crecimiento y una estrategia de marketing dirigida, la asociaci\u00f3n puede generar un impacto positivo y sostenible en el sector.<\/p>\n\n\n\n<h2 class=\"gb-headline gb-headline-822b1a60 gb-headline-text\">Misi\u00f3n<\/h2>\n\n\n\n<p class=\"gb-headline gb-headline-9299ee27 gb-headline-text\">La International Padel League Association (IPLA) nace con el objetivo de <strong>unir a jugadores amateurs de p\u00e1del a nivel internacional<\/strong>, creando una comunidad global que pueda compartir la pasi\u00f3n por este deporte en continuo crecimiento.<\/p>\n\n\n\n<p class=\"gb-headline gb-headline-69b14254 gb-headline-text\">A trav\u00e9s de nuestra asociaci\u00f3n, aspiramos a organizar eventos, torneos, viajes y experiencias \u00fanicas, promoviendo el networking y la diversi\u00f3n para los aficionados.<\/p>\n\n\n\n<h2 class=\"gb-headline gb-headline-a117d8f1 gb-headline-text\">Visi\u00f3n<\/h2>\n\n\n\n<p class=\"gb-headline gb-headline-944ecadb gb-headline-text\"><strong>Convertirnos en el punto de referencia para los jugadores amateurs de p\u00e1del en todo el mundo<\/strong>, ofreciendo una plataforma que combine competici\u00f3n, ocio y oportunidades de crecimiento para los miembros.<\/p>\n\n<\/div><\/div>\n\n<div class=\"gb-grid-column gb-grid-column-bb365816\"><div class=\"gb-container gb-container-bb365816\">\n\n<figure class=\"gb-block-image gb-block-image-0c102fa4\"><img loading=\"lazy\" decoding=\"async\" width=\"700\" height=\"933\" class=\"gb-image gb-image-0c102fa4\" src=\"http:\/\/iplapadel.com\/wp-content\/uploads\/2024\/11\/pexels-photo-4536850.jpeg\" alt=\"Qui\u00e9nes somos: IPLA padel\" title=\"Qui\u00e9nes somos: IPLA padel\" srcset=\"https:\/\/iplapadel.com\/wp-content\/uploads\/2024\/11\/pexels-photo-4536850.jpeg 700w, https:\/\/iplapadel.com\/wp-content\/uploads\/2024\/11\/pexels-photo-4536850-600x800.jpeg 600w, https:\/\/iplapadel.com\/wp-content\/uploads\/2024\/11\/pexels-photo-4536850-225x300.jpeg 225w\" sizes=\"auto, (max-width: 700px) 100vw, 700px\" \/><\/figure>\n\n<\/div><\/div>\n<\/div>\n<\/div>\n<\/div>","protected":false},"excerpt":{"rendered":"","protected":false},"author":1,"featured_media":0,"parent":0,"menu_order":2,"comment_status":"closed","ping_status":"closed","template":"","meta":{"_acf_changed":false,"footnotes":""},"class_list":["post-2024","page","type-page","status-publish"],"acf":[],"_links":{"self":[{"href":"https:\/\/iplapadel.com\/es\/wp-json\/wp\/v2\/pages\/2024","targetHints":{"allow":["GET"]}}],"collection":[{"href":"https:\/\/iplapadel.com\/es\/wp-json\/wp\/v2\/pages"}],"about":[{"href":"https:\/\/iplapadel.com\/es\/wp-json\/wp\/v2\/types\/page"}],"author":[{"embeddable":true,"href":"https:\/\/iplapadel.com\/es\/wp-json\/wp\/v2\/users\/1"}],"replies":[{"embeddable":true,"href":"https:\/\/iplapadel.com\/es\/wp-json\/wp\/v2\/comments?post=2024"}],"version-history":[{"count":1,"href":"https:\/\/iplapadel.com\/es\/wp-json\/wp\/v2\/pages\/2024\/revisions"}],"predecessor-version":[{"id":2025,"href":"https:\/\/iplapadel.com\/es\/wp-json\/wp\/v2\/pages\/2024\/revisions\/2025"}],"wp:attachment":[{"href":"https:\/\/iplapadel.com\/es\/wp-json\/wp\/v2\/media?parent=2024"}],"curies":[{"name":"wp","href":"https:\/\/api.w.org\/{rel}","templated":true}]}}