{"id":2028,"date":"2024-11-01T16:59:05","date_gmt":"2024-11-01T15:59:05","guid":{"rendered":"https:\/\/iplapadel.com\/quienes-somos\/ventajas\/"},"modified":"2024-11-27T01:31:15","modified_gmt":"2024-11-27T00:31:15","slug":"ventajas","status":"publish","type":"page","link":"https:\/\/iplapadel.com\/es\/quienes-somos\/ventajas\/","title":{"rendered":"Ventajas"},"content":{"rendered":"<div class=\"gb-container gb-container-8d240e55\">\n<div class=\"gb-container gb-container-ce04acff\">\n\n<p class=\"gb-headline gb-headline-093849ba gb-headline-text\">La comunidad m\u00e1s grande del mundo de jugadores amateurs de p\u00e1del, IPLA ofrece a sus miembros una <strong>ampia gama de ventajas exclusivas<\/strong> que hacen que cada experiencia de juego sea a\u00fan m\u00e1s gratificante y accesible.<\/p>\n\n\n\n<p class=\"gb-headline gb-headline-0949e367 gb-headline-text\">He aqu\u00ed por qu\u00e9 unirse a IPLA es una elecci\u00f3n ganadora:<\/p>\n\n<\/div>\n\n<div class=\"gb-container gb-container-5d4b6d50\">\n\n<h3 class=\"gb-headline gb-headline-d34a602a gb-headline-text\"><strong>1. Descuentos exclusivos en equipamiento y material t\u00e9cnico<\/strong><\/h3>\n\n\n\n<p class=\"gb-headline gb-headline-e2acb93e gb-headline-text\">Gracias a las alianzas con las mejores marcas deportivas, los miembros de IPLA pueden disfrutar de descuentos especiales en palas, pelotas, ropa t\u00e9cnica y accesorios. Siempre tendr\u00e1s el mejor equipamiento para tu juego, a precios ventajosos.<\/p>\n\n<\/div>\n\n<div class=\"gb-container gb-container-868650a4\">\n\n<h3 class=\"gb-headline gb-headline-5ed52ef6 gb-headline-text\"><strong>2. Eventos y viajes dedicados a los miembros<\/strong><\/h3>\n\n\n\n<p class=\"gb-headline gb-headline-e8d8d6f9 gb-headline-text\">Los socios de IPLA tienen acceso a paquetes exclusivos para viajes a eventos especiales y torneos amateurs internacionales, que combinan el placer del juego con la oportunidad de descubrir nuevos destinos.<\/p>\n\n\n\n<p class=\"gb-headline gb-headline-ba4be0d6 gb-headline-text\">Explora el mundo a trav\u00e9s del p\u00e1del y vive experiencias inolvidables con la comunidad IPLA.<\/p>\n\n<\/div>\n\n<div class=\"gb-container gb-container-7969c033\">\n\n<h3 class=\"gb-headline gb-headline-5779c146 gb-headline-text\"><strong>3. Descuentos en reserva de pistas y clases<\/strong><\/h3>\n\n\n\n<p class=\"gb-headline gb-headline-b0912c11 gb-headline-text\">Al asociarte a IPLA, podr\u00e1s beneficiarte de tarifas con descuento para la reserva de pistas de p\u00e1del en una extensa red de clubes afiliados. Adem\u00e1s, podr\u00e1s obtener descuentos en clases privadas y grupales para mejorar tus habilidades t\u00e9cnicas.<\/p>\n\n<\/div>\n\n<div class=\"gb-container gb-container-7c5e2353\">\n\n<h3 class=\"gb-headline gb-headline-ef74e53e gb-headline-text\"><strong>4. Vacaciones y torneos internacionales<\/strong><\/h3>\n\n\n\n<p class=\"gb-headline gb-headline-a700ac8c gb-headline-text\">IPLA ofrece a sus miembros paquetes exclusivos para vacaciones tem\u00e1ticas de p\u00e1del, donde podr\u00e1s jugar y relajarte en resorts de lujo, participar en torneos internacionales amateurs y competir con jugadores de todo el mundo.<\/p>\n\n\n\n<p class=\"gb-headline gb-headline-45f27ba7 gb-headline-text\">\u00a1Una oportunidad \u00fanica para combinar deporte y diversi\u00f3n!<\/p>\n\n<\/div>\n\n<div class=\"gb-container gb-container-2a5b3f6d\">\n\n<h3 class=\"gb-headline gb-headline-5f0890a3 gb-headline-text\"><strong>5. Networking y comunidad global<\/strong><\/h3>\n\n\n\n<p class=\"gb-headline gb-headline-61f77242 gb-headline-text\">IPLA no es solo una liga deportiva, sino tambi\u00e9n una plataforma para hacer networking con otros jugadores apasionados del p\u00e1del a nivel internacional.<\/p>\n\n\n\n<p class=\"gb-headline gb-headline-fb42766e gb-headline-text\">Podr\u00e1s crear nuevas amistades, descubrir nuevos compa\u00f1eros de juego y ampliar tu red social dentro de una comunidad global.<\/p>\n\n<\/div>\n\n<div class=\"gb-container gb-container-a5d80c07\">\n\n<h3 class=\"gb-headline gb-headline-8c68a980 gb-headline-text\"><strong>6. Apoyo t\u00e9cnico y t\u00e1ctico personalizado<\/strong><\/h3>\n\n\n\n<p class=\"gb-headline gb-headline-b921003e gb-headline-text\">Los socios de IPLA tienen acceso a asesoramiento t\u00e9cnico y t\u00e1ctico personalizado con expertos en p\u00e1del, para mejorar su rendimiento en la pista.<\/p>\n\n\n\n<p class=\"gb-headline gb-headline-2f55aa23 gb-headline-text\">Webinars, tutoriales exclusivos y sesiones de coaching online est\u00e1n disponibles para todos los miembros.<\/p>\n\n<\/div>\n\n<div class=\"gb-container gb-container-847860d3\">\n\n<h3 class=\"gb-headline gb-headline-6424831a gb-headline-text\"><strong>7. Ventajas para torneos y campeonatos locales<\/strong><\/h3>\n\n\n\n<p class=\"gb-headline gb-headline-5aab52e2 gb-headline-text\">Participando en torneos amateurs organizados por IPLA, tendr\u00e1s acceso a premios exclusivos y experiencias VIP.<\/p>\n\n\n\n<p class=\"gb-headline gb-headline-f34445ff gb-headline-text\">Podr\u00e1s competir en un ambiente divertido y desafiante, con la posibilidad de ascender en los rankings de la comunidad IPLA.<\/p>\n\n<\/div>\n\n<div class=\"gb-container gb-container-26f682bf\">\n\n<h3 class=\"gb-headline gb-headline-6bf94722 gb-headline-text\"><strong>8. Descuentos en vacaciones y paquetes de viaje<\/strong><\/h3>\n\n\n\n<p class=\"gb-headline gb-headline-a4b91965 gb-headline-text\">Gracias a las alianzas con agencias de viajes y resorts, los miembros de IPLA pueden disfrutar de descuentos en vacaciones y estancias en ubicaciones seleccionadas, perfectas para el relax y el entrenamiento de p\u00e1del.<\/p>\n\n<\/div>\n<\/div>","protected":false},"excerpt":{"rendered":"<p>La comunidad m\u00e1s grande del mundo de jugadores amateurs de p\u00e1del, IPLA ofrece a sus miembros una ampia gama de ventajas exclusivas que hacen que cada experiencia de juego sea a\u00fan m\u00e1s gratificante y accesible. He aqu\u00ed por qu\u00e9 unirse a IPLA es una elecci\u00f3n ganadora: 1. Descuentos exclusivos en equipamiento y material t\u00e9cnico Gracias &#8230; <a title=\"Ventajas\" class=\"read-more\" href=\"https:\/\/iplapadel.com\/es\/quienes-somos\/ventajas\/\" aria-label=\"Leer m\u00e1s sobre Ventajas\">Leer m\u00e1s<\/a><\/p>\n","protected":false},"author":1,"featured_media":0,"parent":2024,"menu_order":1,"comment_status":"closed","ping_status":"closed","template":"","meta":{"_acf_changed":false,"footnotes":""},"class_list":["post-2028","page","type-page","status-publish"],"acf":[],"_links":{"self":[{"href":"https:\/\/iplapadel.com\/es\/wp-json\/wp\/v2\/pages\/2028","targetHints":{"allow":["GET"]}}],"collection":[{"href":"https:\/\/iplapadel.com\/es\/wp-json\/wp\/v2\/pages"}],"about":[{"href":"https:\/\/iplapadel.com\/es\/wp-json\/wp\/v2\/types\/page"}],"author":[{"embeddable":true,"href":"https:\/\/iplapadel.com\/es\/wp-json\/wp\/v2\/users\/1"}],"replies":[{"embeddable":true,"href":"https:\/\/iplapadel.com\/es\/wp-json\/wp\/v2\/comments?post=2028"}],"version-history":[{"count":1,"href":"https:\/\/iplapadel.com\/es\/wp-json\/wp\/v2\/pages\/2028\/revisions"}],"predecessor-version":[{"id":2029,"href":"https:\/\/iplapadel.com\/es\/wp-json\/wp\/v2\/pages\/2028\/revisions\/2029"}],"up":[{"embeddable":true,"href":"https:\/\/iplapadel.com\/es\/wp-json\/wp\/v2\/pages\/2024"}],"wp:attachment":[{"href":"https:\/\/iplapadel.com\/es\/wp-json\/wp\/v2\/media?parent=2028"}],"curies":[{"name":"wp","href":"https:\/\/api.w.org\/{rel}","templated":true}]}}