{"id":2032,"date":"2024-11-01T16:58:26","date_gmt":"2024-11-01T15:58:26","guid":{"rendered":"https:\/\/iplapadel.com\/quienes-somos\/mercado\/"},"modified":"2024-11-27T01:52:28","modified_gmt":"2024-11-27T00:52:28","slug":"mercado","status":"publish","type":"page","link":"https:\/\/iplapadel.com\/es\/quienes-somos\/mercado\/","title":{"rendered":"Mercado"},"content":{"rendered":"<div class=\"gb-container gb-container-8d240e55\">\n<div class=\"gb-container gb-container-ce04acff\">\n\n<p class=\"gb-headline gb-headline-093849ba gb-headline-text\">El p\u00e1del est\u00e1 experimentando un <strong>crecimiento exponencial en Italia<\/strong>, tanto en t\u00e9rminos de jugadores amateurs como de instalaciones dedicadas.<\/p>\n\n\n\n<p class=\"gb-headline gb-headline-0949e367 gb-headline-text\">A continuaci\u00f3n, un an\u00e1lisis basado en los datos m\u00e1s recientes sobre el n\u00famero de jugadores, pistas y centros de p\u00e1del, adem\u00e1s de una estimaci\u00f3n del volumen de negocio y el crecimiento del sector.<\/p>\n\n<\/div>\n<\/div><div class=\"gb-container gb-container-9062b342\">\n<div class=\"gb-container gb-container-ba7e833f\">\n<div class=\"gb-grid-wrapper gb-grid-wrapper-d95df6ed\">\n<div class=\"gb-grid-column gb-grid-column-0ab7f061\"><div class=\"gb-container gb-container-0ab7f061\">\n\n<figure class=\"gb-block-image gb-block-image-a1921d9b\"><img loading=\"lazy\" decoding=\"async\" width=\"800\" height=\"600\" class=\"gb-image gb-image-a1921d9b\" src=\"http:\/\/iplapadel.com\/wp-content\/uploads\/2024\/11\/giocatori-padel-in-italia.jpg\" alt=\"N\u00famero de jugadores en Italia\" title=\"N\u00famero de jugadores en Italia\" srcset=\"https:\/\/iplapadel.com\/wp-content\/uploads\/2024\/11\/giocatori-padel-in-italia.jpg 800w, https:\/\/iplapadel.com\/wp-content\/uploads\/2024\/11\/giocatori-padel-in-italia-600x450.jpg 600w, https:\/\/iplapadel.com\/wp-content\/uploads\/2024\/11\/giocatori-padel-in-italia-300x225.jpg 300w, https:\/\/iplapadel.com\/wp-content\/uploads\/2024\/11\/giocatori-padel-in-italia-768x576.jpg 768w\" sizes=\"auto, (max-width: 800px) 100vw, 800px\" \/><\/figure>\n\n<\/div><\/div>\n\n<div class=\"gb-grid-column gb-grid-column-3ef2e830\"><div class=\"gb-container gb-container-3ef2e830\">\n\n<h2 class=\"gb-headline gb-headline-be8da41d gb-headline-text\">N\u00famero de jugadores amateurs en Italia<\/h2>\n\n\n\n<p class=\"gb-headline gb-headline-ebe9079d gb-headline-text\">M\u00e1s de 700.000 personas juegan al p\u00e1del a nivel amateur en Italia.<\/p>\n\n\n\n<p class=\"gb-headline gb-headline-4d132a33 gb-headline-text\">Esta cifra est\u00e1 en constante crecimiento, impulsada por la popularidad del juego como actividad recreativa y social, con muchos nuevos aficionados que se acercan cada a\u00f1o.<\/p>\n\n\n\n<p class=\"gb-headline gb-headline-26af7850 gb-headline-text\">Se estima que el n\u00famero de jugadores activos ha crecido un 100% entre 2020 y 2022, y se prev\u00e9 que la tendencia siga en expansi\u00f3n, con cada vez m\u00e1s clubes y centros deportivos que ofrecen instalaciones para el p\u00e1del.<\/p>\n\n<\/div><\/div>\n<\/div>\n<\/div>\n<\/div><div class=\"gb-container gb-container-8b8bed55\">\n<div class=\"gb-container gb-container-f95deef6\">\n<div class=\"gb-grid-wrapper gb-grid-wrapper-29d8d41e\">\n<div class=\"gb-grid-column gb-grid-column-8bd8bc1b\"><div class=\"gb-container gb-container-8bd8bc1b\">\n\n<h2 class=\"gb-headline gb-headline-8bad79a0 gb-headline-text\">N\u00famero de pistas y centros de p\u00e1del<\/h2>\n\n\n\n<p class=\"gb-headline gb-headline-d16934ec gb-headline-text\">En 2023, Italia cuenta con m\u00e1s de 6.000 pistas de p\u00e1del distribuidas en aproximadamente 2.500 instalaciones deportivas.<\/p>\n\n\n\n<p class=\"gb-headline gb-headline-964d699d gb-headline-text\">Esto representa un crecimiento significativo respecto a los a\u00f1os anteriores: en 2019, solo hab\u00eda alrededor de 1.000 pistas, mostrando un crecimiento del 500% en solo 4 a\u00f1os.<\/p>\n\n\n\n<p class=\"gb-headline gb-headline-fb958aa6 gb-headline-text\">Las pistas se concentran principalmente en las grandes ciudades y regiones como Lombard\u00eda, Lacio y Sicilia, pero tambi\u00e9n en \u00e1reas m\u00e1s perif\u00e9ricas se est\u00e1n desarrollando r\u00e1pidamente nuevos centros de p\u00e1del para hacer frente a la creciente demanda.<\/p>\n\n<\/div><\/div>\n\n<div class=\"gb-grid-column gb-grid-column-3d6d0829\"><div class=\"gb-container gb-container-3d6d0829\">\n\n<figure class=\"gb-block-image gb-block-image-17d38e49\"><img loading=\"lazy\" decoding=\"async\" width=\"800\" height=\"600\" class=\"gb-image gb-image-17d38e49\" src=\"http:\/\/iplapadel.com\/wp-content\/uploads\/2024\/11\/campi-e-centri-padel.jpg\" alt=\"N\u00famero de pistas y centros de p\u00e1del\" title=\"N\u00famero de pistas y centros de p\u00e1del\" srcset=\"https:\/\/iplapadel.com\/wp-content\/uploads\/2024\/11\/campi-e-centri-padel.jpg 800w, https:\/\/iplapadel.com\/wp-content\/uploads\/2024\/11\/campi-e-centri-padel-600x450.jpg 600w, https:\/\/iplapadel.com\/wp-content\/uploads\/2024\/11\/campi-e-centri-padel-300x225.jpg 300w, https:\/\/iplapadel.com\/wp-content\/uploads\/2024\/11\/campi-e-centri-padel-768x576.jpg 768w\" sizes=\"auto, (max-width: 800px) 100vw, 800px\" \/><\/figure>\n\n<\/div><\/div>\n<\/div>\n<\/div>\n<\/div><div class=\"gb-container gb-container-2df7482f\">\n<div class=\"gb-container gb-container-a51919f6\">\n<div class=\"gb-grid-wrapper gb-grid-wrapper-9a502a3f\">\n<div class=\"gb-grid-column gb-grid-column-e5016285\"><div class=\"gb-container gb-container-e5016285\">\n\n<figure class=\"gb-block-image gb-block-image-1ed4c078\"><img loading=\"lazy\" decoding=\"async\" width=\"800\" height=\"600\" class=\"gb-image gb-image-1ed4c078\" src=\"http:\/\/iplapadel.com\/wp-content\/uploads\/2024\/11\/materiale-padel.jpg\" alt=\"Volumen de negocio del p\u00e1del en Italia\" title=\"Volumen de negocio del p\u00e1del en Italia\" srcset=\"https:\/\/iplapadel.com\/wp-content\/uploads\/2024\/11\/materiale-padel.jpg 800w, https:\/\/iplapadel.com\/wp-content\/uploads\/2024\/11\/materiale-padel-600x450.jpg 600w, https:\/\/iplapadel.com\/wp-content\/uploads\/2024\/11\/materiale-padel-300x225.jpg 300w, https:\/\/iplapadel.com\/wp-content\/uploads\/2024\/11\/materiale-padel-768x576.jpg 768w\" sizes=\"auto, (max-width: 800px) 100vw, 800px\" \/><\/figure>\n\n<\/div><\/div>\n\n<div class=\"gb-grid-column gb-grid-column-4b79f881\"><div class=\"gb-container gb-container-4b79f881\">\n\n<h2 class=\"gb-headline gb-headline-bbe0f990 gb-headline-text\">Volumen de negocio del p\u00e1del en Italia<\/h2>\n\n\n\n<p class=\"gb-headline gb-headline-bc75b1a2 gb-headline-text\">El volumen de negocio total relacionado con el p\u00e1del en Italia (incluyendo alquiler de pistas, torneos, ropa y equipamiento) ronda los 700 millones de euros al a\u00f1o.<\/p>\n\n\n\n<p class=\"gb-headline gb-headline-a075788a gb-headline-text\">Solo el alquiler de pistas representa una parte considerable del mercado, con un precio medio de 30-40 euros por hora y pista.<\/p>\n\n\n\n<p class=\"gb-headline gb-headline-6360a90e gb-headline-text\">El mercado del equipamiento (palas, pelotas, ropa t\u00e9cnica) est\u00e1 creciendo en paralelo, con una fuerte demanda de productos espec\u00edficos para el p\u00e1del. Empresas italianas e internacionales est\u00e1n entrando en el mercado con productos dedicados.<\/p>\n\n<\/div><\/div>\n<\/div>\n<\/div>\n<\/div><div class=\"gb-container gb-container-15cdc16a\">\n<div class=\"gb-container gb-container-4b7546d7\">\n<div class=\"gb-grid-wrapper gb-grid-wrapper-05177084\">\n<div class=\"gb-grid-column gb-grid-column-3422b84b\"><div class=\"gb-container gb-container-3422b84b\">\n\n<h2 class=\"gb-headline gb-headline-65487644 gb-headline-text\">Crecimiento del mercado y de las instalaciones<\/h2>\n\n\n\n<p class=\"gb-headline gb-headline-acb553e9 gb-headline-text\">El mercado del p\u00e1del en Italia ha crecido a un ritmo impresionante en los \u00faltimos a\u00f1os, con tasas de crecimiento anual del 40-50% en el per\u00edodo 2020-2022.<\/p>\n\n\n\n<p class=\"gb-headline gb-headline-082610b1 gb-headline-text\">Se prev\u00e9 que el crecimiento continuar\u00e1 en los pr\u00f3ximos a\u00f1os, con una estimaci\u00f3n de 10.000 pistas para 2025, impulsado por la creciente demanda de jugadores amateurs y la expansi\u00f3n de clubes y centros deportivos.<\/p>\n\n<\/div><\/div>\n\n<div class=\"gb-grid-column gb-grid-column-2484b296\"><div class=\"gb-container gb-container-2484b296\">\n\n<figure class=\"gb-block-image gb-block-image-20d46e0c\"><img loading=\"lazy\" decoding=\"async\" width=\"800\" height=\"600\" class=\"gb-image gb-image-20d46e0c\" src=\"http:\/\/iplapadel.com\/wp-content\/uploads\/2024\/11\/crescita-padel.jpg\" alt=\"Crecimiento del mercado y de las instalaciones\" title=\"Crecimiento del mercado y de las instalaciones\" srcset=\"https:\/\/iplapadel.com\/wp-content\/uploads\/2024\/11\/crescita-padel.jpg 800w, https:\/\/iplapadel.com\/wp-content\/uploads\/2024\/11\/crescita-padel-600x450.jpg 600w, https:\/\/iplapadel.com\/wp-content\/uploads\/2024\/11\/crescita-padel-300x225.jpg 300w, https:\/\/iplapadel.com\/wp-content\/uploads\/2024\/11\/crescita-padel-768x576.jpg 768w\" sizes=\"auto, (max-width: 800px) 100vw, 800px\" \/><\/figure>\n\n<\/div><\/div>\n<\/div>\n<\/div>\n<\/div><div class=\"gb-container gb-container-e94102b2\">\n<div class=\"gb-container gb-container-d2cb2bb5\">\n<div class=\"gb-grid-wrapper gb-grid-wrapper-0aa1c6ac\">\n<div class=\"gb-grid-column gb-grid-column-7f36fe71\"><div class=\"gb-container gb-container-7f36fe71\">\n\n<figure class=\"gb-block-image gb-block-image-0157eb80\"><img loading=\"lazy\" decoding=\"async\" width=\"800\" height=\"600\" class=\"gb-image gb-image-0157eb80\" src=\"http:\/\/iplapadel.com\/wp-content\/uploads\/2024\/11\/facilita-e-socialita.jpg\" alt=\"Factores que contribuyen al crecimiento\" title=\"Factores que contribuyen al crecimiento\" srcset=\"https:\/\/iplapadel.com\/wp-content\/uploads\/2024\/11\/facilita-e-socialita.jpg 800w, https:\/\/iplapadel.com\/wp-content\/uploads\/2024\/11\/facilita-e-socialita-600x450.jpg 600w, https:\/\/iplapadel.com\/wp-content\/uploads\/2024\/11\/facilita-e-socialita-300x225.jpg 300w, https:\/\/iplapadel.com\/wp-content\/uploads\/2024\/11\/facilita-e-socialita-768x576.jpg 768w\" sizes=\"auto, (max-width: 800px) 100vw, 800px\" \/><\/figure>\n\n<\/div><\/div>\n\n<div class=\"gb-grid-column gb-grid-column-92581669\"><div class=\"gb-container gb-container-92581669\">\n\n<h2 class=\"gb-headline gb-headline-3315305e gb-headline-text\">Factores que contribuyen al crecimiento<\/h2>\n\n\n\n<p class=\"gb-headline gb-headline-74306ba4 gb-headline-text\">Facilidad de aprendizaje: el p\u00e1del es un deporte relativamente f\u00e1cil de aprender, adecuado para todas las edades y niveles de habilidad, haci\u00e9ndolo ideal para el contexto amateur.<\/p>\n\n\n\n<p class=\"gb-headline gb-headline-4ad184e8 gb-headline-text\">Socializaci\u00f3n: el hecho de que se juegue en pareja y en un espacio m\u00e1s peque\u00f1o que el tenis lo hace muy social y divertido, favoreciendo la participaci\u00f3n de amigos y familias.<\/p>\n\n\n\n<p class=\"gb-headline gb-headline-df7eb38d gb-headline-text\">Inversiones privadas y p\u00fablicas: los clubes y gimnasios han reconocido el potencial econ\u00f3mico del p\u00e1del, y muchas instalaciones deportivas han a\u00f1adido pistas de p\u00e1del como fuente de ingresos adicional. Adem\u00e1s, tambi\u00e9n ha habido iniciativas locales para promover el p\u00e1del como actividad deportiva.<\/p>\n\n<\/div><\/div>\n<\/div>\n<\/div>\n<\/div>","protected":false},"excerpt":{"rendered":"<p>El p\u00e1del est\u00e1 experimentando un crecimiento exponencial en Italia, tanto en t\u00e9rminos de jugadores amateurs como de instalaciones dedicadas. A continuaci\u00f3n, un an\u00e1lisis basado en los datos m\u00e1s recientes sobre el n\u00famero de jugadores, pistas y centros de p\u00e1del, adem\u00e1s de una estimaci\u00f3n del volumen de negocio y el crecimiento del sector.<\/p>\n","protected":false},"author":1,"featured_media":0,"parent":2024,"menu_order":2,"comment_status":"closed","ping_status":"closed","template":"","meta":{"_acf_changed":false,"footnotes":""},"class_list":["post-2032","page","type-page","status-publish"],"acf":[],"_links":{"self":[{"href":"https:\/\/iplapadel.com\/es\/wp-json\/wp\/v2\/pages\/2032","targetHints":{"allow":["GET"]}}],"collection":[{"href":"https:\/\/iplapadel.com\/es\/wp-json\/wp\/v2\/pages"}],"about":[{"href":"https:\/\/iplapadel.com\/es\/wp-json\/wp\/v2\/types\/page"}],"author":[{"embeddable":true,"href":"https:\/\/iplapadel.com\/es\/wp-json\/wp\/v2\/users\/1"}],"replies":[{"embeddable":true,"href":"https:\/\/iplapadel.com\/es\/wp-json\/wp\/v2\/comments?post=2032"}],"version-history":[{"count":1,"href":"https:\/\/iplapadel.com\/es\/wp-json\/wp\/v2\/pages\/2032\/revisions"}],"predecessor-version":[{"id":2033,"href":"https:\/\/iplapadel.com\/es\/wp-json\/wp\/v2\/pages\/2032\/revisions\/2033"}],"up":[{"embeddable":true,"href":"https:\/\/iplapadel.com\/es\/wp-json\/wp\/v2\/pages\/2024"}],"wp:attachment":[{"href":"https:\/\/iplapadel.com\/es\/wp-json\/wp\/v2\/media?parent=2032"}],"curies":[{"name":"wp","href":"https:\/\/api.w.org\/{rel}","templated":true}]}}