{"id":2037,"date":"2024-11-01T16:59:38","date_gmt":"2024-11-01T15:59:38","guid":{"rendered":"https:\/\/iplapadel.com\/hazte-socio-de-ipla\/"},"modified":"2024-12-01T00:39:05","modified_gmt":"2024-11-30T23:39:05","slug":"hazte-socio-de-ipla","status":"publish","type":"page","link":"https:\/\/iplapadel.com\/es\/hazte-socio-de-ipla\/","title":{"rendered":"Hazte Socio de IPLA"},"content":{"rendered":"<div class=\"gb-container gb-container-f8d33bdd\">\n<div class=\"gb-container gb-container-0d586d70\">\n\n<p class=\"gb-headline gb-headline-093849ba gb-headline-text\">\u00danete a la comunidad de jugadores aficionados de p\u00e1del m\u00e1s grande del mundo y disfruta de una <strong>ampia gama de beneficios exclusivos<\/strong> para una experiencia de juego a\u00fan m\u00e1s gratificante y accesible.<\/p>\n\n\n<div class=\"gb-grid-wrapper gb-grid-wrapper-2695c01f\">\n<div class=\"gb-grid-column gb-grid-column-cced6a92\"><div class=\"gb-container gb-container-cced6a92\"><\/div><\/div>\n\n<div class=\"gb-grid-column gb-grid-column-f394757b\"><div class=\"gb-container gb-container-f394757b\">\n\n<h3 class=\"gb-headline gb-headline-42f32bd3 gb-headline-text\">Cuota anual<\/h3>\n\n\n\n<p class=\"gb-headline gb-headline-c9d75808 gb-headline-text\">75\u20ac<\/p>\n\n\n\n<p class=\"gb-headline gb-headline-4dd2f8cb\"><span class=\"gb-icon\"><svg xmlns=\"http:\/\/www.w3.org\/2000\/svg\" aria-hidden=\"true\" role=\"img\" height=\"1em\" width=\"1em\" viewBox=\"0 0 512 512\"><path fill=\"currentColor\" d=\"M504 256c0 136.967-111.033 248-248 248S8 392.967 8 256 119.033 8 256 8s248 111.033 248 248zM227.314 387.314l184-184c6.248-6.248 6.248-16.379 0-22.627l-22.627-22.627c-6.248-6.249-16.379-6.249-22.628 0L216 308.118l-70.059-70.059c-6.248-6.248-16.379-6.248-22.628 0l-22.627 22.627c-6.248 6.248-6.248 16.379 0 22.627l104 104c6.249 6.249 16.379 6.249 22.628.001z\"><\/path><\/svg><\/span><span class=\"gb-headline-text\">Descuentos en alquiler de pistas y clases<\/span><\/p>\n\n\n\n<p class=\"gb-headline gb-headline-b1951c2d\"><span class=\"gb-icon\"><svg xmlns=\"http:\/\/www.w3.org\/2000\/svg\" aria-hidden=\"true\" role=\"img\" height=\"1em\" width=\"1em\" viewBox=\"0 0 512 512\"><path fill=\"currentColor\" d=\"M504 256c0 136.967-111.033 248-248 248S8 392.967 8 256 119.033 8 256 8s248 111.033 248 248zM227.314 387.314l184-184c6.248-6.248 6.248-16.379 0-22.627l-22.627-22.627c-6.248-6.249-16.379-6.249-22.628 0L216 308.118l-70.059-70.059c-6.248-6.248-16.379-6.248-22.628 0l-22.627 22.627c-6.248 6.248-6.248 16.379 0 22.627l104 104c6.249 6.249 16.379 6.249 22.628.001z\"><\/path><\/svg><\/span><span class=\"gb-headline-text\">Descuentos en equipamiento y material deportivo <\/span><\/p>\n\n\n\n<p class=\"gb-headline gb-headline-6f376934\"><span class=\"gb-icon\"><svg xmlns=\"http:\/\/www.w3.org\/2000\/svg\" aria-hidden=\"true\" role=\"img\" height=\"1em\" width=\"1em\" viewBox=\"0 0 512 512\"><path fill=\"currentColor\" d=\"M504 256c0 136.967-111.033 248-248 248S8 392.967 8 256 119.033 8 256 8s248 111.033 248 248zM227.314 387.314l184-184c6.248-6.248 6.248-16.379 0-22.627l-22.627-22.627c-6.248-6.249-16.379-6.249-22.628 0L216 308.118l-70.059-70.059c-6.248-6.248-16.379-6.248-22.628 0l-22.627 22.627c-6.248 6.248-6.248 16.379 0 22.627l104 104c6.249 6.249 16.379 6.249 22.628.001z\"><\/path><\/svg><\/span><span class=\"gb-headline-text\">Ofertas especiales en vacaciones y paquetes tur\u00edsticos<\/span><\/p>\n\n\n\n<p class=\"gb-headline gb-headline-b29a88f8\"><span class=\"gb-icon\"><svg xmlns=\"http:\/\/www.w3.org\/2000\/svg\" aria-hidden=\"true\" role=\"img\" height=\"1em\" width=\"1em\" viewBox=\"0 0 512 512\"><path fill=\"currentColor\" d=\"M504 256c0 136.967-111.033 248-248 248S8 392.967 8 256 119.033 8 256 8s248 111.033 248 248zM227.314 387.314l184-184c6.248-6.248 6.248-16.379 0-22.627l-22.627-22.627c-6.248-6.249-16.379-6.249-22.628 0L216 308.118l-70.059-70.059c-6.248-6.248-16.379-6.248-22.628 0l-22.627 22.627c-6.248 6.248-6.248 16.379 0 22.627l104 104c6.249 6.249 16.379 6.249 22.628.001z\"><\/path><\/svg><\/span><span class=\"gb-headline-text\">Asesoramiento t\u00e9cnico y t\u00e1ctico personalizado<\/span><\/p>\n\n\n\n<p class=\"gb-headline gb-headline-7334094c\"><span class=\"gb-icon\"><svg xmlns=\"http:\/\/www.w3.org\/2000\/svg\" aria-hidden=\"true\" role=\"img\" height=\"1em\" width=\"1em\" viewBox=\"0 0 512 512\"><path fill=\"currentColor\" d=\"M504 256c0 136.967-111.033 248-248 248S8 392.967 8 256 119.033 8 256 8s248 111.033 248 248zM227.314 387.314l184-184c6.248-6.248 6.248-16.379 0-22.627l-22.627-22.627c-6.248-6.249-16.379-6.249-22.628 0L216 308.118l-70.059-70.059c-6.248-6.248-16.379-6.248-22.628 0l-22.627 22.627c-6.248 6.248-6.248 16.379 0 22.627l104 104c6.249 6.249 16.379 6.249 22.628.001z\"><\/path><\/svg><\/span><span class=\"gb-headline-text\">Acceso a premios exclusivos y experiencias VIP<\/span><\/p>\n\n\n\n<p class=\"gb-headline gb-headline-05745796\"><span class=\"gb-icon\"><svg xmlns=\"http:\/\/www.w3.org\/2000\/svg\" aria-hidden=\"true\" role=\"img\" height=\"1em\" width=\"1em\" viewBox=\"0 0 512 512\"><path fill=\"currentColor\" d=\"M504 256c0 136.967-111.033 248-248 248S8 392.967 8 256 119.033 8 256 8s248 111.033 248 248zM227.314 387.314l184-184c6.248-6.248 6.248-16.379 0-22.627l-22.627-22.627c-6.248-6.249-16.379-6.249-22.628 0L216 308.118l-70.059-70.059c-6.248-6.248-16.379-6.248-22.628 0l-22.627 22.627c-6.248 6.248-6.248 16.379 0 22.627l104 104c6.249 6.249 16.379 6.249 22.628.001z\"><\/path><\/svg><\/span><span class=\"gb-headline-text\">Vacaciones y torneos internacionales<\/span><\/p>\n\n\n\n<p class=\"gb-headline gb-headline-9fb6a902\"><span class=\"gb-icon\"><svg xmlns=\"http:\/\/www.w3.org\/2000\/svg\" aria-hidden=\"true\" role=\"img\" height=\"1em\" width=\"1em\" viewBox=\"0 0 512 512\"><path fill=\"currentColor\" d=\"M504 256c0 136.967-111.033 248-248 248S8 392.967 8 256 119.033 8 256 8s248 111.033 248 248zM227.314 387.314l184-184c6.248-6.248 6.248-16.379 0-22.627l-22.627-22.627c-6.248-6.249-16.379-6.249-22.628 0L216 308.118l-70.059-70.059c-6.248-6.248-16.379-6.248-22.628 0l-22.627 22.627c-6.248 6.248-6.248 16.379 0 22.627l104 104c6.249 6.249 16.379 6.249 22.628.001z\"><\/path><\/svg><\/span><span class=\"gb-headline-text\">Eventos y viajes tem\u00e1ticos<\/span><\/p>\n\n\n\n<p class=\"gb-headline gb-headline-da9261af\"><span class=\"gb-icon\"><svg xmlns=\"http:\/\/www.w3.org\/2000\/svg\" aria-hidden=\"true\" role=\"img\" height=\"1em\" width=\"1em\" viewBox=\"0 0 512 512\"><path fill=\"currentColor\" d=\"M504 256c0 136.967-111.033 248-248 248S8 392.967 8 256 119.033 8 256 8s248 111.033 248 248zM227.314 387.314l184-184c6.248-6.248 6.248-16.379 0-22.627l-22.627-22.627c-6.248-6.249-16.379-6.249-22.628 0L216 308.118l-70.059-70.059c-6.248-6.248-16.379-6.248-22.628 0l-22.627 22.627c-6.248 6.248-6.248 16.379 0 22.627l104 104c6.249 6.249 16.379 6.249 22.628.001z\"><\/path><\/svg><\/span><span class=\"gb-headline-text\">Networking y comunidad global<\/span><\/p>\n\n\n<div class=\"gb-container gb-container-f9b07c16\">\n\n<a class=\"gb-button gb-button-ee4299c7 gb-button-text\" href=\"https:\/\/iplapadel.com\/es\/?add-to-cart=2155&amp;quantity=1\">\u00a1Quiero hacerme socio!<\/a>\n\n<\/div>\n<\/div><\/div>\n\n<div class=\"gb-grid-column gb-grid-column-e7bc6028\"><div class=\"gb-container gb-container-e7bc6028\"><\/div><\/div>\n\n<div class=\"gb-grid-column gb-grid-column-0e18ac9c\"><div class=\"gb-container gb-container-0e18ac9c\">\n\n<h3 class=\"gb-headline gb-headline-be8da41d gb-headline-text\">Cuota BIENAL<\/h3>\n\n\n\n<p class=\"gb-headline gb-headline-90f4c8c1 gb-headline-text\">100\u20ac<\/p>\n\n\n\n<p class=\"gb-headline gb-headline-2a0430a2\"><span class=\"gb-icon\"><svg xmlns=\"http:\/\/www.w3.org\/2000\/svg\" aria-hidden=\"true\" role=\"img\" height=\"1em\" width=\"1em\" viewBox=\"0 0 512 512\"><path fill=\"currentColor\" d=\"M504 256c0 136.967-111.033 248-248 248S8 392.967 8 256 119.033 8 256 8s248 111.033 248 248zM227.314 387.314l184-184c6.248-6.248 6.248-16.379 0-22.627l-22.627-22.627c-6.248-6.249-16.379-6.249-22.628 0L216 308.118l-70.059-70.059c-6.248-6.248-16.379-6.248-22.628 0l-22.627 22.627c-6.248 6.248-6.248 16.379 0 22.627l104 104c6.249 6.249 16.379 6.249 22.628.001z\"><\/path><\/svg><\/span><span class=\"gb-headline-text\">Descuentos en alquiler de pistas y clases<\/span><\/p>\n\n\n\n<p class=\"gb-headline gb-headline-36a5d029\"><span class=\"gb-icon\"><svg xmlns=\"http:\/\/www.w3.org\/2000\/svg\" aria-hidden=\"true\" role=\"img\" height=\"1em\" width=\"1em\" viewBox=\"0 0 512 512\"><path fill=\"currentColor\" d=\"M504 256c0 136.967-111.033 248-248 248S8 392.967 8 256 119.033 8 256 8s248 111.033 248 248zM227.314 387.314l184-184c6.248-6.248 6.248-16.379 0-22.627l-22.627-22.627c-6.248-6.249-16.379-6.249-22.628 0L216 308.118l-70.059-70.059c-6.248-6.248-16.379-6.248-22.628 0l-22.627 22.627c-6.248 6.248-6.248 16.379 0 22.627l104 104c6.249 6.249 16.379 6.249 22.628.001z\"><\/path><\/svg><\/span><span class=\"gb-headline-text\">Descuentos en equipamiento y material deportivo <\/span><\/p>\n\n\n\n<p class=\"gb-headline gb-headline-fcc16a77\"><span class=\"gb-icon\"><svg xmlns=\"http:\/\/www.w3.org\/2000\/svg\" aria-hidden=\"true\" role=\"img\" height=\"1em\" width=\"1em\" viewBox=\"0 0 512 512\"><path fill=\"currentColor\" d=\"M504 256c0 136.967-111.033 248-248 248S8 392.967 8 256 119.033 8 256 8s248 111.033 248 248zM227.314 387.314l184-184c6.248-6.248 6.248-16.379 0-22.627l-22.627-22.627c-6.248-6.249-16.379-6.249-22.628 0L216 308.118l-70.059-70.059c-6.248-6.248-16.379-6.248-22.628 0l-22.627 22.627c-6.248 6.248-6.248 16.379 0 22.627l104 104c6.249 6.249 16.379 6.249 22.628.001z\"><\/path><\/svg><\/span><span class=\"gb-headline-text\">Ofertas especiales en vacaciones y paquetes tur\u00edsticos<\/span><\/p>\n\n\n\n<p class=\"gb-headline gb-headline-a696f56a\"><span class=\"gb-icon\"><svg xmlns=\"http:\/\/www.w3.org\/2000\/svg\" aria-hidden=\"true\" role=\"img\" height=\"1em\" width=\"1em\" viewBox=\"0 0 512 512\"><path fill=\"currentColor\" d=\"M504 256c0 136.967-111.033 248-248 248S8 392.967 8 256 119.033 8 256 8s248 111.033 248 248zM227.314 387.314l184-184c6.248-6.248 6.248-16.379 0-22.627l-22.627-22.627c-6.248-6.249-16.379-6.249-22.628 0L216 308.118l-70.059-70.059c-6.248-6.248-16.379-6.248-22.628 0l-22.627 22.627c-6.248 6.248-6.248 16.379 0 22.627l104 104c6.249 6.249 16.379 6.249 22.628.001z\"><\/path><\/svg><\/span><span class=\"gb-headline-text\">Asesoramiento t\u00e9cnico y t\u00e1ctico personalizado<\/span><\/p>\n\n\n\n<p class=\"gb-headline gb-headline-b3297fca\"><span class=\"gb-icon\"><svg xmlns=\"http:\/\/www.w3.org\/2000\/svg\" aria-hidden=\"true\" role=\"img\" height=\"1em\" width=\"1em\" viewBox=\"0 0 512 512\"><path fill=\"currentColor\" d=\"M504 256c0 136.967-111.033 248-248 248S8 392.967 8 256 119.033 8 256 8s248 111.033 248 248zM227.314 387.314l184-184c6.248-6.248 6.248-16.379 0-22.627l-22.627-22.627c-6.248-6.249-16.379-6.249-22.628 0L216 308.118l-70.059-70.059c-6.248-6.248-16.379-6.248-22.628 0l-22.627 22.627c-6.248 6.248-6.248 16.379 0 22.627l104 104c6.249 6.249 16.379 6.249 22.628.001z\"><\/path><\/svg><\/span><span class=\"gb-headline-text\">Acceso a premios exclusivos y experiencias VIP<\/span><\/p>\n\n\n\n<p class=\"gb-headline gb-headline-9f64cdcb\"><span class=\"gb-icon\"><svg xmlns=\"http:\/\/www.w3.org\/2000\/svg\" aria-hidden=\"true\" role=\"img\" height=\"1em\" width=\"1em\" viewBox=\"0 0 512 512\"><path fill=\"currentColor\" d=\"M504 256c0 136.967-111.033 248-248 248S8 392.967 8 256 119.033 8 256 8s248 111.033 248 248zM227.314 387.314l184-184c6.248-6.248 6.248-16.379 0-22.627l-22.627-22.627c-6.248-6.249-16.379-6.249-22.628 0L216 308.118l-70.059-70.059c-6.248-6.248-16.379-6.248-22.628 0l-22.627 22.627c-6.248 6.248-6.248 16.379 0 22.627l104 104c6.249 6.249 16.379 6.249 22.628.001z\"><\/path><\/svg><\/span><span class=\"gb-headline-text\">Vacaciones y torneos internacionales<\/span><\/p>\n\n\n\n<p class=\"gb-headline gb-headline-da9090cf\"><span class=\"gb-icon\"><svg xmlns=\"http:\/\/www.w3.org\/2000\/svg\" aria-hidden=\"true\" role=\"img\" height=\"1em\" width=\"1em\" viewBox=\"0 0 512 512\"><path fill=\"currentColor\" d=\"M504 256c0 136.967-111.033 248-248 248S8 392.967 8 256 119.033 8 256 8s248 111.033 248 248zM227.314 387.314l184-184c6.248-6.248 6.248-16.379 0-22.627l-22.627-22.627c-6.248-6.249-16.379-6.249-22.628 0L216 308.118l-70.059-70.059c-6.248-6.248-16.379-6.248-22.628 0l-22.627 22.627c-6.248 6.248-6.248 16.379 0 22.627l104 104c6.249 6.249 16.379 6.249 22.628.001z\"><\/path><\/svg><\/span><span class=\"gb-headline-text\">Eventos y viajes tem\u00e1ticos<\/span><\/p>\n\n\n\n<p class=\"gb-headline gb-headline-3f48c4db\"><span class=\"gb-icon\"><svg xmlns=\"http:\/\/www.w3.org\/2000\/svg\" aria-hidden=\"true\" role=\"img\" height=\"1em\" width=\"1em\" viewBox=\"0 0 512 512\"><path fill=\"currentColor\" d=\"M504 256c0 136.967-111.033 248-248 248S8 392.967 8 256 119.033 8 256 8s248 111.033 248 248zM227.314 387.314l184-184c6.248-6.248 6.248-16.379 0-22.627l-22.627-22.627c-6.248-6.249-16.379-6.249-22.628 0L216 308.118l-70.059-70.059c-6.248-6.248-16.379-6.248-22.628 0l-22.627 22.627c-6.248 6.248-6.248 16.379 0 22.627l104 104c6.249 6.249 16.379 6.249 22.628.001z\"><\/path><\/svg><\/span><span class=\"gb-headline-text\">Networking y comunidad global<\/span><\/p>\n\n\n<div class=\"gb-container gb-container-c77436be\">\n\n<a class=\"gb-button gb-button-db623a4f gb-button-text\" href=\"https:\/\/iplapadel.com\/es\/?add-to-cart=2014&amp;quantity=1\">\u00a1Quiero hacerme socio!<\/a>\n\n<\/div>\n<\/div><\/div>\n\n<div class=\"gb-grid-column gb-grid-column-80a92780\"><div class=\"gb-container gb-container-80a92780\"><\/div><\/div>\n<\/div>\n<\/div>\n<\/div>","protected":false},"excerpt":{"rendered":"<p>\u00danete a la comunidad de jugadores aficionados de p\u00e1del m\u00e1s grande del mundo y disfruta de una ampia gama de beneficios exclusivos para una experiencia de juego a\u00fan m\u00e1s gratificante y accesible.<\/p>\n","protected":false},"author":1,"featured_media":0,"parent":0,"menu_order":3,"comment_status":"closed","ping_status":"closed","template":"","meta":{"_acf_changed":false,"footnotes":""},"class_list":["post-2037","page","type-page","status-publish"],"acf":[],"_links":{"self":[{"href":"https:\/\/iplapadel.com\/es\/wp-json\/wp\/v2\/pages\/2037","targetHints":{"allow":["GET"]}}],"collection":[{"href":"https:\/\/iplapadel.com\/es\/wp-json\/wp\/v2\/pages"}],"about":[{"href":"https:\/\/iplapadel.com\/es\/wp-json\/wp\/v2\/types\/page"}],"author":[{"embeddable":true,"href":"https:\/\/iplapadel.com\/es\/wp-json\/wp\/v2\/users\/1"}],"replies":[{"embeddable":true,"href":"https:\/\/iplapadel.com\/es\/wp-json\/wp\/v2\/comments?post=2037"}],"version-history":[{"count":3,"href":"https:\/\/iplapadel.com\/es\/wp-json\/wp\/v2\/pages\/2037\/revisions"}],"predecessor-version":[{"id":2163,"href":"https:\/\/iplapadel.com\/es\/wp-json\/wp\/v2\/pages\/2037\/revisions\/2163"}],"wp:attachment":[{"href":"https:\/\/iplapadel.com\/es\/wp-json\/wp\/v2\/media?parent=2037"}],"curies":[{"name":"wp","href":"https:\/\/api.w.org\/{rel}","templated":true}]}}