{"id":2041,"date":"2024-11-01T11:53:32","date_gmt":"2024-11-01T10:53:32","guid":{"rendered":"https:\/\/iplapadel.com\/centros-afiliados\/"},"modified":"2024-12-02T00:16:45","modified_gmt":"2024-12-01T23:16:45","slug":"centros-afiliados","status":"publish","type":"page","link":"https:\/\/iplapadel.com\/es\/centros-afiliados\/","title":{"rendered":"Centros Afiliados"},"content":{"rendered":"<div class=\"gb-container gb-container-374a8201\">\n<div class=\"gb-container gb-container-db9557d4\">\n\n<p class=\"gb-headline gb-headline-f0919d4b gb-headline-text\">\u00a1Encuentra el centro afiliado m\u00e1s cercano y <strong>aprovecha los beneficios exclusivos<\/strong> reservados para los socios de IPLA!<\/p>\n\n\n <!-- start Fla-shop.com HTML5 Map --> <div class='freeHtmlMapbottom htmlMapResponsive' style='max-width:500px; width: 100%'> <div id='map-container-0' class='freeHtmlMapContainer' data-map-variable='map0'><\/div> <link href='http:\/\/iplapadel.com\/wp-content\/plugins\/html5-maps\/static\/css\/map.css' rel='stylesheet'> <style> body .fm-tooltip { color: #000000; font-size: 20px; } <\/style> <script src='\/\/cdn.html5maps.com\/3d_party\/raphael.min.js'><\/script> <script src='https:\/\/iplapadel.com\/index.php?freemap_js_data=true&map_id=2&r=24246'><\/script> <script src='\/\/cdn.html5maps.com\/libs\/locator\/2.4.0\/italy\/map.js'><\/script> <script> var map0 = new FlaMap(map_cfg); map0.drawOnDomReady('map-container-0'); map0.on('click', function(ev, sid, map) { jQuery('#freeHtmlMapStateInfo0').html(''); var link = map.mapConfig.map_data[sid]['link']; if (link == '#info') { var id = map.mapConfig.map_data[sid]['id']; jQuery('#freeHtmlMapStateInfo0').html('Cargando\u2026'); jQuery.ajax({ type: 'POST', url: 'https:\/\/iplapadel.com\/index.php?freemap_get_state_info='+id+'&map_id=2', success: function(data, textStatus, jqXHR){ jQuery('#freeHtmlMapStateInfo0').html(data); }, dataType: 'text' }); } }); <\/script> <div id='freeHtmlMapStateInfo0' class='freeHtmlMapStateInfo'><\/div> <\/div> <div style='clear: both'><\/div> <!-- end HTML5 Map --> \n\n<\/div>\n\n<div class=\"gb-container gb-container-12dd14bd\">\n\n<h2 class=\"gb-headline gb-headline-be8da41d gb-headline-text\">\u00bfQUIERES CONVERTIRTE EN UN CENTRO AFILIADO?<\/h2>\n\n\n\n<p class=\"gb-headline gb-headline-18f5aad6 gb-headline-text\">\u00bfEres propietario de un centro deportivo de P\u00e1del y deseas unirte a nuestra red exclusiva de IPLA?<\/p>\n\n\n\n<p class=\"gb-headline gb-headline-30f52fc7 gb-headline-text\">Solicita m\u00e1s informaci\u00f3n para programar una consulta gratuita y conocer los beneficios disponibles para ti. <strong><span style=\"text-decoration: underline;\"><a href=\"https:\/\/iplapadel.com\/es\/centros-afiliados\/conviertete-en-centro-afiliado\/\">Haz clic aqu\u00ed<\/a><\/span><\/strong> para solicitar m\u00e1s informaci\u00f3n.<\/p>\n\n<\/div>\n<\/div>","protected":false},"excerpt":{"rendered":"<p>\u00a1Encuentra el centro afiliado m\u00e1s cercano y aprovecha los beneficios exclusivos reservados para los socios de IPLA! \u00bfQUIERES CONVERTIRTE EN UN CENTRO AFILIADO? \u00bfEres propietario de un centro deportivo de P\u00e1del y deseas unirte a nuestra red exclusiva de IPLA? Solicita m\u00e1s informaci\u00f3n para programar una consulta gratuita y conocer los beneficios disponibles para ti. &#8230; <a title=\"Centros Afiliados\" class=\"read-more\" href=\"https:\/\/iplapadel.com\/es\/centros-afiliados\/\" aria-label=\"Leer m\u00e1s sobre Centros Afiliados\">Leer m\u00e1s<\/a><\/p>\n","protected":false},"author":1,"featured_media":0,"parent":0,"menu_order":4,"comment_status":"closed","ping_status":"closed","template":"","meta":{"_acf_changed":false,"footnotes":""},"class_list":["post-2041","page","type-page","status-publish"],"acf":[],"_links":{"self":[{"href":"https:\/\/iplapadel.com\/es\/wp-json\/wp\/v2\/pages\/2041","targetHints":{"allow":["GET"]}}],"collection":[{"href":"https:\/\/iplapadel.com\/es\/wp-json\/wp\/v2\/pages"}],"about":[{"href":"https:\/\/iplapadel.com\/es\/wp-json\/wp\/v2\/types\/page"}],"author":[{"embeddable":true,"href":"https:\/\/iplapadel.com\/es\/wp-json\/wp\/v2\/users\/1"}],"replies":[{"embeddable":true,"href":"https:\/\/iplapadel.com\/es\/wp-json\/wp\/v2\/comments?post=2041"}],"version-history":[{"count":3,"href":"https:\/\/iplapadel.com\/es\/wp-json\/wp\/v2\/pages\/2041\/revisions"}],"predecessor-version":[{"id":2236,"href":"https:\/\/iplapadel.com\/es\/wp-json\/wp\/v2\/pages\/2041\/revisions\/2236"}],"wp:attachment":[{"href":"https:\/\/iplapadel.com\/es\/wp-json\/wp\/v2\/media?parent=2041"}],"curies":[{"name":"wp","href":"https:\/\/api.w.org\/{rel}","templated":true}]}}