{"id":2045,"date":"2024-11-15T16:46:37","date_gmt":"2024-11-15T15:46:37","guid":{"rendered":"https:\/\/iplapadel.com\/centros-afiliados\/conviertete-en-centro-afiliado\/"},"modified":"2024-11-30T23:02:33","modified_gmt":"2024-11-30T22:02:33","slug":"conviertete-en-centro-afiliado","status":"publish","type":"page","link":"https:\/\/iplapadel.com\/es\/centros-afiliados\/conviertete-en-centro-afiliado\/","title":{"rendered":"Convi\u00e9rtete en Centro Afiliado"},"content":{"rendered":"<div class=\"gb-container gb-container-f8d33bdd\">\n<div class=\"gb-container gb-container-0d586d70\">\n<div class=\"gb-grid-wrapper gb-grid-wrapper-e89fed99\">\n<div class=\"gb-grid-column gb-grid-column-328ead05\"><div class=\"gb-container gb-container-328ead05\">\n\n<p class=\"gb-headline gb-headline-7762ad64 gb-headline-text\">\u00bfEres propietario de un centro deportivo de P\u00e1del y quieres unirte a nuestra red exclusiva de IPLA?<\/p>\n\n\n\n<p class=\"gb-headline gb-headline-e61e1d55 gb-headline-text\">Solicita m\u00e1s informaci\u00f3n para programar una consulta gratuita y conocer los beneficios disponibles para ti.<\/p>\n\n\n\n<p class=\"gb-headline gb-headline-5610d0cb gb-headline-text\">Rellena el formulario en esta p\u00e1gina para que uno de nuestros consultores se ponga en contacto contigo o env\u00eda un correo electr\u00f3nico a <a href=\"mailto:club@iplapadel.com\">club@iplapadel.com<\/a><\/p>\n\n<\/div><\/div>\n\n<div class=\"gb-grid-column gb-grid-column-ece99f1a\"><div class=\"gb-container gb-container-ece99f1a\">\n<div class=\"gb-container gb-container-983be960\">\n\n<div class=\"wp-block-contact-form-7-contact-form-selector\">\n<div class=\"wpcf7 no-js\" id=\"wpcf7-f2244-o1\" lang=\"es-ES\" dir=\"ltr\" data-wpcf7-id=\"2244\">\n<div class=\"screen-reader-response\"><p role=\"status\" aria-live=\"polite\" aria-atomic=\"true\"><\/p> <ul><\/ul><\/div>\n<form action=\"\/es\/wp-json\/wp\/v2\/pages\/2045#wpcf7-f2244-o1\" method=\"post\" class=\"wpcf7-form init\" aria-label=\"Formulario de contacto\" novalidate=\"novalidate\" data-status=\"init\">\n<fieldset class=\"hidden-fields-container\"><input type=\"hidden\" name=\"_wpcf7\" value=\"2244\" \/><input type=\"hidden\" name=\"_wpcf7_version\" value=\"6.1.3\" \/><input type=\"hidden\" name=\"_wpcf7_locale\" value=\"es_ES\" \/><input type=\"hidden\" name=\"_wpcf7_unit_tag\" value=\"wpcf7-f2244-o1\" \/><input type=\"hidden\" name=\"_wpcf7_container_post\" value=\"0\" \/><input type=\"hidden\" name=\"_wpcf7_posted_data_hash\" value=\"\" \/><input type=\"hidden\" name=\"_wpcf7_recaptcha_response\" value=\"\" \/>\n<\/fieldset>\n<p><label><strong>Nombre del centro<\/strong>*<br \/>\n<span class=\"wpcf7-form-control-wrap\" data-name=\"nome-centro\"><input size=\"40\" maxlength=\"400\" class=\"wpcf7-form-control wpcf7-text wpcf7-validates-as-required\" aria-required=\"true\" aria-invalid=\"false\" value=\"\" type=\"text\" name=\"nome-centro\" \/><\/span> <\/label>\n<\/p>\n<p><label><strong>Ciudad<\/strong>*<br \/>\n<span class=\"wpcf7-form-control-wrap\" data-name=\"your-city\"><input size=\"40\" maxlength=\"400\" class=\"wpcf7-form-control wpcf7-text wpcf7-validates-as-required\" aria-required=\"true\" aria-invalid=\"false\" value=\"\" type=\"text\" name=\"your-city\" \/><\/span> <\/label>\n<\/p>\n<p><label><strong>N\u00famero de tel\u00e9fono<\/strong>*<br \/>\n<span class=\"wpcf7-form-control-wrap\" data-name=\"your-phone-number\"><input size=\"40\" maxlength=\"400\" class=\"wpcf7-form-control wpcf7-text wpcf7-validates-as-required\" aria-required=\"true\" aria-invalid=\"false\" value=\"\" type=\"text\" name=\"your-phone-number\" \/><\/span> <\/label>\n<\/p>\n<p><label><strong>Correo electr\u00f3nico<\/strong>*<br \/>\n<span class=\"wpcf7-form-control-wrap\" data-name=\"your-email\"><input size=\"40\" maxlength=\"400\" class=\"wpcf7-form-control wpcf7-email wpcf7-validates-as-required wpcf7-text wpcf7-validates-as-email\" autocomplete=\"email\" aria-required=\"true\" aria-invalid=\"false\" value=\"\" type=\"email\" name=\"your-email\" \/><\/span> <\/label>\n<\/p>\n<p><label><strong>Propietario o persona de contacto<\/strong>*<br \/>\n<span class=\"wpcf7-form-control-wrap\" data-name=\"titolare-o-referente\"><input size=\"40\" maxlength=\"400\" class=\"wpcf7-form-control wpcf7-text wpcf7-validates-as-required\" aria-required=\"true\" aria-invalid=\"false\" value=\"\" type=\"text\" name=\"titolare-o-referente\" \/><\/span> <\/label>\n<\/p>\n<p><label><strong>\u00bfCu\u00e1ntas pistas de p\u00e1del tienen<\/strong>?*<br \/>\n<span class=\"wpcf7-form-control-wrap\" data-name=\"numero-campi\"><select class=\"wpcf7-form-control wpcf7-select wpcf7-validates-as-required\" aria-required=\"true\" aria-invalid=\"false\" name=\"numero-campi\"><option value=\"\">&#8212;Por favor, elige una opci\u00f3n&#8212;<\/option><option value=\"1\">1<\/option><option value=\"2\/3\">2\/3<\/option><option value=\"M\u00e1s de 3\">M\u00e1s de 3<\/option><\/select><\/span> <\/label>\n<\/p>\n<p><label><strong>\u00bfHorario de apertura<\/strong>?*<br \/>\n<span class=\"wpcf7-form-control-wrap\" data-name=\"orari-apertura\"><input size=\"40\" maxlength=\"400\" class=\"wpcf7-form-control wpcf7-text wpcf7-validates-as-required\" aria-required=\"true\" aria-invalid=\"false\" value=\"\" type=\"text\" name=\"orari-apertura\" \/><\/span> <\/label>\n<\/p>\n<p><label><strong>\u00bfLas pistas son al aire libre o cubiertas?<\/strong>*<br \/>\n<span class=\"wpcf7-form-control-wrap\" data-name=\"campi-aperto-coperti\"><input size=\"40\" maxlength=\"400\" class=\"wpcf7-form-control wpcf7-text wpcf7-validates-as-required\" aria-required=\"true\" aria-invalid=\"false\" value=\"\" type=\"text\" name=\"campi-aperto-coperti\" \/><\/span> <\/label>\n<\/p>\n<p><label><strong>\u00bfCu\u00e1ntos socios tienen en su club?<\/strong>*<br \/>\n<span class=\"wpcf7-form-control-wrap\" data-name=\"numero-soci\"><input size=\"40\" maxlength=\"400\" class=\"wpcf7-form-control wpcf7-text wpcf7-validates-as-required\" aria-required=\"true\" aria-invalid=\"false\" value=\"\" type=\"text\" name=\"numero-soci\" \/><\/span> <\/label>\n<\/p>\n<p><label><strong>Pol\u00edtica de privacidad<\/strong>*<br \/>\n<span class=\"wpcf7-form-control-wrap\" data-name=\"condizioni-e-regolamento\"><span class=\"wpcf7-form-control wpcf7-acceptance\"><span class=\"wpcf7-list-item\"><label><input type=\"checkbox\" name=\"condizioni-e-regolamento\" value=\"1\" aria-invalid=\"false\" \/><span class=\"wpcf7-list-item-label\">He le\u00eddo la pol\u00edtica de privacidad y consiento el tratamiento de mis datos seg\u00fan lo establecido por el reglamento europeo para la protecci\u00f3n de datos personales n.\u00ba 679\/2016, GDPR.<\/span><\/label><\/span><\/span><\/span> <\/label>\n<\/p>\n<p><input class=\"wpcf7-form-control wpcf7-submit has-spinner\" type=\"submit\" value=\"Enviar solicitud\" \/>\n<\/p>\n<p>Los campos marcados con * son obligatorios\n<\/p><div class=\"wpcf7-response-output\" aria-hidden=\"true\"><\/div>\n<\/form>\n<\/div>\n<\/div>\n\n<\/div>\n<\/div><\/div>\n<\/div>\n<\/div>\n<\/div>","protected":false},"excerpt":{"rendered":"","protected":false},"author":1,"featured_media":0,"parent":2041,"menu_order":1,"comment_status":"closed","ping_status":"closed","template":"","meta":{"_acf_changed":false,"footnotes":""},"class_list":["post-2045","page","type-page","status-publish"],"acf":[],"_links":{"self":[{"href":"https:\/\/iplapadel.com\/es\/wp-json\/wp\/v2\/pages\/2045","targetHints":{"allow":["GET"]}}],"collection":[{"href":"https:\/\/iplapadel.com\/es\/wp-json\/wp\/v2\/pages"}],"about":[{"href":"https:\/\/iplapadel.com\/es\/wp-json\/wp\/v2\/types\/page"}],"author":[{"embeddable":true,"href":"https:\/\/iplapadel.com\/es\/wp-json\/wp\/v2\/users\/1"}],"replies":[{"embeddable":true,"href":"https:\/\/iplapadel.com\/es\/wp-json\/wp\/v2\/comments?post=2045"}],"version-history":[{"count":1,"href":"https:\/\/iplapadel.com\/es\/wp-json\/wp\/v2\/pages\/2045\/revisions"}],"predecessor-version":[{"id":2046,"href":"https:\/\/iplapadel.com\/es\/wp-json\/wp\/v2\/pages\/2045\/revisions\/2046"}],"up":[{"embeddable":true,"href":"https:\/\/iplapadel.com\/es\/wp-json\/wp\/v2\/pages\/2041"}],"wp:attachment":[{"href":"https:\/\/iplapadel.com\/es\/wp-json\/wp\/v2\/media?parent=2045"}],"curies":[{"name":"wp","href":"https:\/\/api.w.org\/{rel}","templated":true}]}}