{"id":2047,"date":"2024-11-01T17:04:03","date_gmt":"2024-11-01T16:04:03","guid":{"rendered":"https:\/\/iplapadel.com\/patrocinadores-y-socios\/"},"modified":"2024-12-01T00:45:40","modified_gmt":"2024-11-30T23:45:40","slug":"patrocinadores-y-socios","status":"publish","type":"page","link":"https:\/\/iplapadel.com\/es\/patrocinadores-y-socios\/","title":{"rendered":"Patrocinadores y Socios"},"content":{"rendered":"<div class=\"gb-container gb-container-374a8201\">\n<div class=\"gb-container gb-container-db9557d4\">\n\n<p class=\"gb-headline gb-headline-f0919d4b gb-headline-text\">\u00a1Descubre las <strong>ofertas exclusivas<\/strong> que nuestros patrocinadores y socios han <strong>reservado para los miembros de IPLA<\/strong>!<\/p>\n\n\n<div class=\"gb-grid-wrapper gb-grid-wrapper-191c356b\">\n<div class=\"gb-grid-column gb-grid-column-d3ec1ecb\"><div class=\"gb-container gb-container-d3ec1ecb\"><\/div><\/div>\n\n<div class=\"gb-grid-column gb-grid-column-bad095d2\"><div class=\"gb-container gb-container-bad095d2\">\n\n<figure class=\"gb-block-image gb-block-image-adc7902b\"><a href=\"https:\/\/iplapadel.com\/es\/patrocinadores-y-socios\/patrocinadores-y-socios-en-linea\/\"><img loading=\"lazy\" decoding=\"async\" width=\"850\" height=\"850\" class=\"gb-image gb-image-adc7902b\" src=\"https:\/\/iplapadel.com\/wp-content\/uploads\/2024\/12\/partner-online-es.jpg\" alt=\"\" title=\"partner online es\" srcset=\"https:\/\/iplapadel.com\/wp-content\/uploads\/2024\/12\/partner-online-es.jpg 850w, https:\/\/iplapadel.com\/wp-content\/uploads\/2024\/12\/partner-online-es-300x300.jpg 300w, https:\/\/iplapadel.com\/wp-content\/uploads\/2024\/12\/partner-online-es-150x150.jpg 150w, https:\/\/iplapadel.com\/wp-content\/uploads\/2024\/12\/partner-online-es-768x768.jpg 768w, https:\/\/iplapadel.com\/wp-content\/uploads\/2024\/12\/partner-online-es-600x600.jpg 600w, https:\/\/iplapadel.com\/wp-content\/uploads\/2024\/12\/partner-online-es-100x100.jpg 100w\" sizes=\"auto, (max-width: 850px) 100vw, 850px\" \/><\/a><\/figure>\n\n<\/div><\/div>\n\n<div class=\"gb-grid-column gb-grid-column-60aceb06\"><div class=\"gb-container gb-container-60aceb06\"><\/div><\/div>\n\n<div class=\"gb-grid-column gb-grid-column-51247d51\"><div class=\"gb-container gb-container-51247d51\">\n\n<figure class=\"gb-block-image gb-block-image-2ed4cc60\"><a href=\"https:\/\/iplapadel.com\/es\/patrocinadores-y-socios\/patrocinadores-y-socios-fisicos\/\"><img loading=\"lazy\" decoding=\"async\" width=\"850\" height=\"850\" class=\"gb-image gb-image-2ed4cc60\" src=\"https:\/\/iplapadel.com\/wp-content\/uploads\/2024\/12\/partner-fisici-es.jpg\" alt=\"\" title=\"partner fisici es\" srcset=\"https:\/\/iplapadel.com\/wp-content\/uploads\/2024\/12\/partner-fisici-es.jpg 850w, https:\/\/iplapadel.com\/wp-content\/uploads\/2024\/12\/partner-fisici-es-300x300.jpg 300w, https:\/\/iplapadel.com\/wp-content\/uploads\/2024\/12\/partner-fisici-es-150x150.jpg 150w, https:\/\/iplapadel.com\/wp-content\/uploads\/2024\/12\/partner-fisici-es-768x768.jpg 768w, https:\/\/iplapadel.com\/wp-content\/uploads\/2024\/12\/partner-fisici-es-600x600.jpg 600w, https:\/\/iplapadel.com\/wp-content\/uploads\/2024\/12\/partner-fisici-es-100x100.jpg 100w\" sizes=\"auto, (max-width: 850px) 100vw, 850px\" \/><\/a><\/figure>\n\n<\/div><\/div>\n\n<div class=\"gb-grid-column gb-grid-column-d9916a0e\"><div class=\"gb-container gb-container-d9916a0e\"><\/div><\/div>\n<\/div>\n<\/div>\n\n<div class=\"gb-container gb-container-12dd14bd\">\n\n<h2 class=\"gb-headline gb-headline-be8da41d gb-headline-text\">\u00bfQUIERES CONVERTIRTE EN PATROCINADOR O SOCIO?<\/h2>\n\n\n\n<p class=\"gb-headline gb-headline-30f52fc7 gb-headline-text\">\u00a1Solicita m\u00e1s informaci\u00f3n para convertirte en nuestro patrocinador o socio oficial y acceder al club m\u00e1s grande del mundo de jugadores aficionados!<\/p>\n\n\n\n<p class=\"gb-headline gb-headline-0902a48d gb-headline-text\"><strong><span style=\"text-decoration: underline;\"><a href=\"https:\/\/iplapadel.com\/es\/patrocinadores-y-socios\/conviertete-en-patrocinador-o-socio\/\" data-type=\"page\" data-id=\"1785\">Haz clic aqu\u00ed<\/a><\/span><\/strong> para solicitar m\u00e1s informaci\u00f3n.<\/p>\n\n<\/div>\n<\/div>","protected":false},"excerpt":{"rendered":"<p>\u00a1Descubre las ofertas exclusivas que nuestros patrocinadores y socios han reservado para los miembros de IPLA! \u00bfQUIERES CONVERTIRTE EN PATROCINADOR O SOCIO? \u00a1Solicita m\u00e1s informaci\u00f3n para convertirte en nuestro patrocinador o socio oficial y acceder al club m\u00e1s grande del mundo de jugadores aficionados! Haz clic aqu\u00ed para solicitar m\u00e1s informaci\u00f3n.<\/p>\n","protected":false},"author":1,"featured_media":0,"parent":0,"menu_order":5,"comment_status":"closed","ping_status":"closed","template":"","meta":{"_acf_changed":false,"footnotes":""},"class_list":["post-2047","page","type-page","status-publish"],"acf":[],"_links":{"self":[{"href":"https:\/\/iplapadel.com\/es\/wp-json\/wp\/v2\/pages\/2047","targetHints":{"allow":["GET"]}}],"collection":[{"href":"https:\/\/iplapadel.com\/es\/wp-json\/wp\/v2\/pages"}],"about":[{"href":"https:\/\/iplapadel.com\/es\/wp-json\/wp\/v2\/types\/page"}],"author":[{"embeddable":true,"href":"https:\/\/iplapadel.com\/es\/wp-json\/wp\/v2\/users\/1"}],"replies":[{"embeddable":true,"href":"https:\/\/iplapadel.com\/es\/wp-json\/wp\/v2\/comments?post=2047"}],"version-history":[{"count":2,"href":"https:\/\/iplapadel.com\/es\/wp-json\/wp\/v2\/pages\/2047\/revisions"}],"predecessor-version":[{"id":2174,"href":"https:\/\/iplapadel.com\/es\/wp-json\/wp\/v2\/pages\/2047\/revisions\/2174"}],"wp:attachment":[{"href":"https:\/\/iplapadel.com\/es\/wp-json\/wp\/v2\/media?parent=2047"}],"curies":[{"name":"wp","href":"https:\/\/api.w.org\/{rel}","templated":true}]}}