{"id":2057,"date":"2024-11-17T23:31:12","date_gmt":"2024-11-17T22:31:12","guid":{"rendered":"https:\/\/iplapadel.com\/patrocinadores-y-socios\/patrocinadores-y-socios-fisicos\/"},"modified":"2024-12-02T00:17:03","modified_gmt":"2024-12-01T23:17:03","slug":"patrocinadores-y-socios-fisicos","status":"publish","type":"page","link":"https:\/\/iplapadel.com\/es\/patrocinadores-y-socios\/patrocinadores-y-socios-fisicos\/","title":{"rendered":"Patrocinadores y socios f\u00edsicos"},"content":{"rendered":"<div class=\"gb-container gb-container-374a8201\">\n<div class=\"gb-container gb-container-db9557d4\">\n\n<p class=\"gb-headline gb-headline-f0919d4b gb-headline-text\">\u00a1Descubre las <strong>ofertas exclusivas<\/strong> que nuestros patrocinadores y socios han <strong>reservado para los miembros de IPLA<\/strong>!<\/p>\n\n\n <!-- start Fla-shop.com HTML5 Map --> <div class='freeHtmlMapbottom htmlMapResponsive' style='max-width:500px; width: 100%'> <div id='map-container-0' class='freeHtmlMapContainer' data-map-variable='map0'><\/div> <link href='http:\/\/iplapadel.com\/wp-content\/plugins\/html5-maps\/static\/css\/map.css' rel='stylesheet'> <style> body .fm-tooltip { color: #000000; font-size: 20px; } <\/style> <script src='\/\/cdn.html5maps.com\/3d_party\/raphael.min.js'><\/script> <script src='https:\/\/iplapadel.com\/index.php?freemap_js_data=true&map_id=3&r=60747'><\/script> <script src='\/\/cdn.html5maps.com\/libs\/locator\/2.4.0\/italy\/map.js'><\/script> <script> var map0 = new FlaMap(map_cfg); map0.drawOnDomReady('map-container-0'); map0.on('click', function(ev, sid, map) { jQuery('#freeHtmlMapStateInfo0').html(''); var link = map.mapConfig.map_data[sid]['link']; if (link == '#info') { var id = map.mapConfig.map_data[sid]['id']; jQuery('#freeHtmlMapStateInfo0').html('Cargando\u2026'); jQuery.ajax({ type: 'POST', url: 'https:\/\/iplapadel.com\/index.php?freemap_get_state_info='+id+'&map_id=3', success: function(data, textStatus, jqXHR){ jQuery('#freeHtmlMapStateInfo0').html(data); }, dataType: 'text' }); } }); <\/script> <div id='freeHtmlMapStateInfo0' class='freeHtmlMapStateInfo'><\/div> <\/div> <div style='clear: both'><\/div> <!-- end HTML5 Map --> \n\n<\/div>\n\n<div class=\"gb-container gb-container-12dd14bd\">\n\n<h2 class=\"gb-headline gb-headline-be8da41d gb-headline-text\">\u00bfQUIERES CONVERTIRTE EN PATROCINADOR O SOCIO?<\/h2>\n\n\n\n<p class=\"gb-headline gb-headline-30f52fc7 gb-headline-text\">\u00a1Solicita m\u00e1s informaci\u00f3n para convertirte en nuestro patrocinador o socio oficial y acceder al club m\u00e1s grande del mundo de jugadores aficionados!<\/p>\n\n\n\n<p class=\"gb-headline gb-headline-0902a48d gb-headline-text\"><strong><span style=\"text-decoration: underline;\"><a href=\"https:\/\/iplapadel.com\/es\/patrocinadores-y-socios\/conviertete-en-patrocinador-o-socio\/\" data-type=\"page\" data-id=\"1785\">Haz clic aqu\u00ed<\/a><\/span><\/strong> para solicitar m\u00e1s informaci\u00f3n.<\/p>\n\n<\/div>\n<\/div>","protected":false},"excerpt":{"rendered":"<p>\u00a1Descubre las ofertas exclusivas que nuestros patrocinadores y socios han reservado para los miembros de IPLA! \u00bfQUIERES CONVERTIRTE EN PATROCINADOR O SOCIO? \u00a1Solicita m\u00e1s informaci\u00f3n para convertirte en nuestro patrocinador o socio oficial y acceder al club m\u00e1s grande del mundo de jugadores aficionados! Haz clic aqu\u00ed para solicitar m\u00e1s informaci\u00f3n.<\/p>\n","protected":false},"author":1,"featured_media":0,"parent":2047,"menu_order":2,"comment_status":"closed","ping_status":"closed","template":"","meta":{"_acf_changed":false,"footnotes":""},"class_list":["post-2057","page","type-page","status-publish"],"acf":[],"_links":{"self":[{"href":"https:\/\/iplapadel.com\/es\/wp-json\/wp\/v2\/pages\/2057","targetHints":{"allow":["GET"]}}],"collection":[{"href":"https:\/\/iplapadel.com\/es\/wp-json\/wp\/v2\/pages"}],"about":[{"href":"https:\/\/iplapadel.com\/es\/wp-json\/wp\/v2\/types\/page"}],"author":[{"embeddable":true,"href":"https:\/\/iplapadel.com\/es\/wp-json\/wp\/v2\/users\/1"}],"replies":[{"embeddable":true,"href":"https:\/\/iplapadel.com\/es\/wp-json\/wp\/v2\/comments?post=2057"}],"version-history":[{"count":4,"href":"https:\/\/iplapadel.com\/es\/wp-json\/wp\/v2\/pages\/2057\/revisions"}],"predecessor-version":[{"id":2237,"href":"https:\/\/iplapadel.com\/es\/wp-json\/wp\/v2\/pages\/2057\/revisions\/2237"}],"up":[{"embeddable":true,"href":"https:\/\/iplapadel.com\/es\/wp-json\/wp\/v2\/pages\/2047"}],"wp:attachment":[{"href":"https:\/\/iplapadel.com\/es\/wp-json\/wp\/v2\/media?parent=2057"}],"curies":[{"name":"wp","href":"https:\/\/api.w.org\/{rel}","templated":true}]}}